{"id":66349,"date":"2026-02-26T22:16:03","date_gmt":"2026-02-26T19:16:03","guid":{"rendered":"https:\/\/a1store-kw.com\/?post_type=product&#038;p=66349"},"modified":"2026-02-26T22:20:26","modified_gmt":"2026-02-26T19:20:26","slug":"uag-pathfinder-galaxy-s26-ultra-case-2","status":"publish","type":"product","link":"https:\/\/a1store-kw.com\/ar\/product\/uag-pathfinder-galaxy-s26-ultra-case-2\/","title":{"rendered":"UAG Pathfinder Galaxy S26 Ultra Case"},"content":{"rendered":"<p><strong>UAG Pathfinder MagSafe-fodral<\/strong><\/p>\n<p>Pathfinder har en uppdaterad design med extra skydd, en l\u00e4tt kompositkonstruktion och praktiska detaljer f\u00f6r vardagsbruk. Det pansarinspirerade skalet och den mjuka st\u00f6ts\u00e4kra k\u00e4rnan samverkar f\u00f6r att d\u00e4mpa st\u00f6tar, en upph\u00f6jd kant skyddar sk\u00e4rm och kamera, och en integrerad magnetmodul s\u00e4kerst\u00e4ller kompatibilitet med MagSafe-tillbeh\u00f6r.<\/p>","protected":false},"excerpt":{"rendered":"<p>UAG Pathfinder MagSafe-fodral Pathfinder har en uppdaterad design med extra skydd, en l\u00e4tt kompositkonstruktion och praktiska detaljer f\u00f6r vardagsbruk. Det<\/p>","protected":false},"featured_media":66351,"comment_status":"open","ping_status":"closed","template":"","meta":[],"product_brand":[1641],"product_cat":[1343,130],"product_tag":[374,1662],"class_list":{"0":"post-66349","1":"product","2":"type-product","3":"status-publish","4":"has-post-thumbnail","6":"product_brand-uag","7":"product_cat-new-productss","8":"product_cat-uag","9":"product_tag-uag","10":"product_tag-uag-galaxy-s26-ultra-case","12":"first","13":"instock","14":"shipping-taxable","15":"purchasable","16":"product-type-simple"},"yoast_head":"<!-- This site is optimized with the Yoast SEO Premium plugin v24.6 (Yoast SEO v27.4) - https:\/\/yoast.com\/product\/yoast-seo-premium-wordpress\/ -->\n<title>UAG Pathfinder Galaxy S26 Ultra Case - A1Store Kuwait %<\/title>\n<meta name=\"description\" content=\"UAG Pathfinder Galaxy S26 Ultra\" \/>\n<meta name=\"robots\" content=\"index, follow, max-snippet:-1, max-image-preview:large, max-video-preview:-1\" \/>\n<link rel=\"canonical\" href=\"https:\/\/a1store-kw.com\/ar\/product\/uag-pathfinder-galaxy-s26-ultra-case-2\/\" \/>\n<meta property=\"og:locale\" content=\"ar_AR\" \/>\n<meta property=\"og:type\" content=\"article\" \/>\n<meta property=\"og:title\" content=\"UAG Pathfinder Galaxy S26 Ultra Case\" \/>\n<meta property=\"og:description\" content=\"UAG Pathfinder Galaxy S26 Ultra\" \/>\n<meta property=\"og:url\" content=\"https:\/\/a1store-kw.com\/ar\/product\/uag-pathfinder-galaxy-s26-ultra-case-2\/\" \/>\n<meta property=\"og:site_name\" content=\"A1Store Kuwait\" \/>\n<meta property=\"article:modified_time\" content=\"2026-02-26T19:20:26+00:00\" \/>\n<meta property=\"og:image\" content=\"https:\/\/a1store-kw.com\/wp-content\/uploads\/2026\/02\/214530117272.jpg\" \/>\n\t<meta property=\"og:image:width\" content=\"1800\" \/>\n\t<meta property=\"og:image:height\" content=\"1800\" \/>\n\t<meta property=\"og:image:type\" content=\"image\/jpeg\" \/>\n<meta name=\"twitter:card\" content=\"summary_large_image\" \/>\n<meta name=\"twitter:label1\" content=\"\u0627\u0644\u0633\u0639\u0631\" \/>\n\t<meta name=\"twitter:data1\" content=\"15.000&nbsp;&#x62f;.&#x643;\" \/>\n\t<meta name=\"twitter:label2\" content=\"\u0627\u0644\u062a\u0648\u0641\u0631\" \/>\n\t<meta name=\"twitter:data2\" content=\"\u0645\u062a\u0648\u0641\u0631 \u0641\u064a \u0627\u0644\u0645\u062e\u0632\u0648\u0646\" \/>\n<script type=\"application\/ld+json\" class=\"yoast-schema-graph\">{\"@context\":\"https:\\\/\\\/schema.org\",\"@graph\":[{\"@type\":\"WebPage\",\"@id\":\"https:\\\/\\\/a1store-kw.com\\\/product\\\/uag-pathfinder-galaxy-s26-ultra-case-2\\\/\",\"url\":\"https:\\\/\\\/a1store-kw.com\\\/product\\\/uag-pathfinder-galaxy-s26-ultra-case-2\\\/\",\"name\":\"UAG Pathfinder Galaxy S26 Ultra Case - A1Store Kuwait %\",\"isPartOf\":{\"@id\":\"https:\\\/\\\/a1store-kw.com\\\/#website\"},\"primaryImageOfPage\":{\"@id\":\"https:\\\/\\\/a1store-kw.com\\\/product\\\/uag-pathfinder-galaxy-s26-ultra-case-2\\\/#primaryimage\"},\"image\":{\"@id\":\"https:\\\/\\\/a1store-kw.com\\\/product\\\/uag-pathfinder-galaxy-s26-ultra-case-2\\\/#primaryimage\"},\"thumbnailUrl\":\"https:\\\/\\\/i0.wp.com\\\/a1store-kw.com\\\/wp-content\\\/uploads\\\/2026\\\/02\\\/214530117272.jpg?fit=1800%2C1800&ssl=1\",\"datePublished\":\"2026-02-26T19:16:03+00:00\",\"dateModified\":\"2026-02-26T19:20:26+00:00\",\"description\":\"UAG Pathfinder Galaxy S26 Ultra\",\"breadcrumb\":{\"@id\":\"https:\\\/\\\/a1store-kw.com\\\/product\\\/uag-pathfinder-galaxy-s26-ultra-case-2\\\/#breadcrumb\"},\"inLanguage\":\"ar\",\"potentialAction\":[{\"@type\":\"ReadAction\",\"target\":[\"https:\\\/\\\/a1store-kw.com\\\/product\\\/uag-pathfinder-galaxy-s26-ultra-case-2\\\/\"]}]},{\"@type\":\"ImageObject\",\"inLanguage\":\"ar\",\"@id\":\"https:\\\/\\\/a1store-kw.com\\\/product\\\/uag-pathfinder-galaxy-s26-ultra-case-2\\\/#primaryimage\",\"url\":\"https:\\\/\\\/i0.wp.com\\\/a1store-kw.com\\\/wp-content\\\/uploads\\\/2026\\\/02\\\/214530117272.jpg?fit=1800%2C1800&ssl=1\",\"contentUrl\":\"https:\\\/\\\/i0.wp.com\\\/a1store-kw.com\\\/wp-content\\\/uploads\\\/2026\\\/02\\\/214530117272.jpg?fit=1800%2C1800&ssl=1\",\"width\":1800,\"height\":1800},{\"@type\":\"BreadcrumbList\",\"@id\":\"https:\\\/\\\/a1store-kw.com\\\/product\\\/uag-pathfinder-galaxy-s26-ultra-case-2\\\/#breadcrumb\",\"itemListElement\":[{\"@type\":\"ListItem\",\"position\":1,\"name\":\"Home\",\"item\":\"https:\\\/\\\/a1store-kw.com\\\/\"},{\"@type\":\"ListItem\",\"position\":2,\"name\":\"Shop\",\"item\":\"https:\\\/\\\/a1store-kw.com\\\/shop\\\/\"},{\"@type\":\"ListItem\",\"position\":3,\"name\":\"UAG Pathfinder Galaxy S26 Ultra Case\"}]},{\"@type\":\"WebSite\",\"@id\":\"https:\\\/\\\/a1store-kw.com\\\/#website\",\"url\":\"https:\\\/\\\/a1store-kw.com\\\/\",\"name\":\"A1Store\",\"description\":\"\u0639\u0631\u0648\u0636\u0646\u0627 \u0645\u0645\u064a\u0632\u0647 \u0639\u0644\u064a \u062c\u0645\u064a\u0639 \u0627\u0644\u0627\u062c\u0647\u0632\u0647 \u0648\u0627\u0643\u0633\u0633\u0648\u0627\u0631\u0627\u062a\",\"publisher\":{\"@id\":\"https:\\\/\\\/a1store-kw.com\\\/#organization\"},\"alternateName\":\"A1Store Kuwait\",\"potentialAction\":[{\"@type\":\"SearchAction\",\"target\":{\"@type\":\"EntryPoint\",\"urlTemplate\":\"https:\\\/\\\/a1store-kw.com\\\/?s={search_term_string}\"},\"query-input\":{\"@type\":\"PropertyValueSpecification\",\"valueRequired\":true,\"valueName\":\"search_term_string\"}}],\"inLanguage\":\"ar\"},{\"@type\":[\"Organization\",\"Place\",\"MobilePhoneStore\"],\"@id\":\"https:\\\/\\\/a1store-kw.com\\\/#organization\",\"name\":\"A1Store\",\"alternateName\":\"A1Store Kuwait\",\"url\":\"https:\\\/\\\/a1store-kw.com\\\/\",\"logo\":{\"@id\":\"https:\\\/\\\/a1store-kw.com\\\/product\\\/uag-pathfinder-galaxy-s26-ultra-case-2\\\/#local-main-organization-logo\"},\"image\":{\"@id\":\"https:\\\/\\\/a1store-kw.com\\\/product\\\/uag-pathfinder-galaxy-s26-ultra-case-2\\\/#local-main-organization-logo\"},\"hasMerchantReturnPolicy\":{\"@type\":\"MerchantReturnPolicy\",\"merchantReturnLink\":\"https:\\\/\\\/a1store-kw.com\\\/ar\\\/\u0633\u064a\u0627\u0633\u0629-\u0627\u0644\u0625\u0631\u062c\u0627\u0639-\u0648\u0627\u0644\u0627\u0633\u062a\u0631\u062f\u0627\u062f-\u0627\u0644\u0645\u0641\u0642\u0648\u062f\u064a\u0646\\\/\"},\"address\":{\"@id\":\"https:\\\/\\\/a1store-kw.com\\\/product\\\/uag-pathfinder-galaxy-s26-ultra-case-2\\\/#local-main-place-address\"},\"telephone\":[\"67664206\"],\"openingHoursSpecification\":[{\"@type\":\"OpeningHoursSpecification\",\"dayOfWeek\":[\"Saturday\",\"Sunday\",\"Monday\",\"Tuesday\",\"Wednesday\",\"Thursday\"],\"opens\":\"10:00\",\"closes\":\"23:45\"},{\"@type\":\"OpeningHoursSpecification\",\"dayOfWeek\":[\"Friday\"],\"opens\":\"15:30\",\"closes\":\"23:45\"}],\"email\":\"a1store2022a@gmail.com\",\"faxNumber\":\"A1Store Kuwait\"},{\"@type\":\"PostalAddress\",\"@id\":\"https:\\\/\\\/a1store-kw.com\\\/product\\\/uag-pathfinder-galaxy-s26-ultra-case-2\\\/#local-main-place-address\",\"streetAddress\":\"kuwait, 1121\",\"addressLocality\":\"Kuwait\",\"postalCode\":\"99142\",\"addressRegion\":\"kuwait\",\"addressCountry\":\"KW\"},{\"@type\":\"ImageObject\",\"inLanguage\":\"ar\",\"@id\":\"https:\\\/\\\/a1store-kw.com\\\/product\\\/uag-pathfinder-galaxy-s26-ultra-case-2\\\/#local-main-organization-logo\",\"url\":\"https:\\\/\\\/i0.wp.com\\\/a1store-kw.com\\\/wp-content\\\/uploads\\\/2024\\\/02\\\/a1store-now-logo.webp?fit=800%2C224&ssl=1\",\"contentUrl\":\"https:\\\/\\\/i0.wp.com\\\/a1store-kw.com\\\/wp-content\\\/uploads\\\/2024\\\/02\\\/a1store-now-logo.webp?fit=800%2C224&ssl=1\",\"width\":800,\"height\":224,\"caption\":\"A1Store\"}]}<\/script>\n<meta property=\"product:brand\" content=\"UAG\" \/>\n<meta property=\"product:price:amount\" content=\"15.000\" \/>\n<meta property=\"product:price:currency\" content=\"KWD\" \/>\n<meta property=\"og:availability\" content=\"instock\" \/>\n<meta property=\"product:availability\" content=\"instock\" \/>\n<meta property=\"product:retailer_item_id\" content=\"840283927423\" \/>\n<meta property=\"product:condition\" content=\"new\" \/>\n<meta name=\"geo.placename\" content=\"Kuwait\" \/>\n<meta name=\"geo.region\" content=\"\u0627\u0644\u0643\u0648\u064a\u062a\" \/>\n<!-- \/ Yoast SEO Premium plugin. -->","yoast_head_json":{"title":"UAG Pathfinder Galaxy S26 Ultra Case - A1Store Kuwait %","description":"UAG Pathfinder Galaxy S26 Ultra","robots":{"index":"index","follow":"follow","max-snippet":"max-snippet:-1","max-image-preview":"max-image-preview:large","max-video-preview":"max-video-preview:-1"},"canonical":"https:\/\/a1store-kw.com\/ar\/product\/uag-pathfinder-galaxy-s26-ultra-case-2\/","og_locale":"ar_AR","og_type":"article","og_title":"UAG Pathfinder Galaxy S26 Ultra Case","og_description":"UAG Pathfinder Galaxy S26 Ultra","og_url":"https:\/\/a1store-kw.com\/ar\/product\/uag-pathfinder-galaxy-s26-ultra-case-2\/","og_site_name":"A1Store Kuwait","article_modified_time":"2026-02-26T19:20:26+00:00","og_image":[{"width":1800,"height":1800,"url":"https:\/\/a1store-kw.com\/wp-content\/uploads\/2026\/02\/214530117272.jpg","type":"image\/jpeg"}],"twitter_card":"summary_large_image","twitter_misc":{"\u0627\u0644\u0633\u0639\u0631":"15.000&nbsp;&#x62f;.&#x643;","\u0627\u0644\u062a\u0648\u0641\u0631":"\u0645\u062a\u0648\u0641\u0631 \u0641\u064a \u0627\u0644\u0645\u062e\u0632\u0648\u0646"},"schema":{"@context":"https:\/\/schema.org","@graph":[{"@type":"WebPage","@id":"https:\/\/a1store-kw.com\/product\/uag-pathfinder-galaxy-s26-ultra-case-2\/","url":"https:\/\/a1store-kw.com\/product\/uag-pathfinder-galaxy-s26-ultra-case-2\/","name":"UAG Pathfinder Galaxy S26 Ultra Case - A1Store Kuwait %","isPartOf":{"@id":"https:\/\/a1store-kw.com\/#website"},"primaryImageOfPage":{"@id":"https:\/\/a1store-kw.com\/product\/uag-pathfinder-galaxy-s26-ultra-case-2\/#primaryimage"},"image":{"@id":"https:\/\/a1store-kw.com\/product\/uag-pathfinder-galaxy-s26-ultra-case-2\/#primaryimage"},"thumbnailUrl":"https:\/\/i0.wp.com\/a1store-kw.com\/wp-content\/uploads\/2026\/02\/214530117272.jpg?fit=1800%2C1800&ssl=1","datePublished":"2026-02-26T19:16:03+00:00","dateModified":"2026-02-26T19:20:26+00:00","description":"UAG Pathfinder Galaxy S26 Ultra","breadcrumb":{"@id":"https:\/\/a1store-kw.com\/product\/uag-pathfinder-galaxy-s26-ultra-case-2\/#breadcrumb"},"inLanguage":"ar","potentialAction":[{"@type":"ReadAction","target":["https:\/\/a1store-kw.com\/product\/uag-pathfinder-galaxy-s26-ultra-case-2\/"]}]},{"@type":"ImageObject","inLanguage":"ar","@id":"https:\/\/a1store-kw.com\/product\/uag-pathfinder-galaxy-s26-ultra-case-2\/#primaryimage","url":"https:\/\/i0.wp.com\/a1store-kw.com\/wp-content\/uploads\/2026\/02\/214530117272.jpg?fit=1800%2C1800&ssl=1","contentUrl":"https:\/\/i0.wp.com\/a1store-kw.com\/wp-content\/uploads\/2026\/02\/214530117272.jpg?fit=1800%2C1800&ssl=1","width":1800,"height":1800},{"@type":"BreadcrumbList","@id":"https:\/\/a1store-kw.com\/product\/uag-pathfinder-galaxy-s26-ultra-case-2\/#breadcrumb","itemListElement":[{"@type":"ListItem","position":1,"name":"Home","item":"https:\/\/a1store-kw.com\/"},{"@type":"ListItem","position":2,"name":"Shop","item":"https:\/\/a1store-kw.com\/shop\/"},{"@type":"ListItem","position":3,"name":"UAG Pathfinder Galaxy S26 Ultra Case"}]},{"@type":"WebSite","@id":"https:\/\/a1store-kw.com\/#website","url":"https:\/\/a1store-kw.com\/","name":"A1Store","description":"\u0639\u0631\u0648\u0636\u0646\u0627 \u0645\u0645\u064a\u0632\u0647 \u0639\u0644\u064a \u062c\u0645\u064a\u0639 \u0627\u0644\u0627\u062c\u0647\u0632\u0647 \u0648\u0627\u0643\u0633\u0633\u0648\u0627\u0631\u0627\u062a","publisher":{"@id":"https:\/\/a1store-kw.com\/#organization"},"alternateName":"A1Store Kuwait","potentialAction":[{"@type":"SearchAction","target":{"@type":"EntryPoint","urlTemplate":"https:\/\/a1store-kw.com\/?s={search_term_string}"},"query-input":{"@type":"PropertyValueSpecification","valueRequired":true,"valueName":"search_term_string"}}],"inLanguage":"ar"},{"@type":["Organization","Place","MobilePhoneStore"],"@id":"https:\/\/a1store-kw.com\/#organization","name":"A1Store","alternateName":"A1Store Kuwait","url":"https:\/\/a1store-kw.com\/","logo":{"@id":"https:\/\/a1store-kw.com\/product\/uag-pathfinder-galaxy-s26-ultra-case-2\/#local-main-organization-logo"},"image":{"@id":"https:\/\/a1store-kw.com\/product\/uag-pathfinder-galaxy-s26-ultra-case-2\/#local-main-organization-logo"},"hasMerchantReturnPolicy":{"@type":"MerchantReturnPolicy","merchantReturnLink":"https:\/\/a1store-kw.com\/ar\/\u0633\u064a\u0627\u0633\u0629-\u0627\u0644\u0625\u0631\u062c\u0627\u0639-\u0648\u0627\u0644\u0627\u0633\u062a\u0631\u062f\u0627\u062f-\u0627\u0644\u0645\u0641\u0642\u0648\u062f\u064a\u0646\/"},"address":{"@id":"https:\/\/a1store-kw.com\/product\/uag-pathfinder-galaxy-s26-ultra-case-2\/#local-main-place-address"},"telephone":["67664206"],"openingHoursSpecification":[{"@type":"OpeningHoursSpecification","dayOfWeek":["Saturday","Sunday","Monday","Tuesday","Wednesday","Thursday"],"opens":"10:00","closes":"23:45"},{"@type":"OpeningHoursSpecification","dayOfWeek":["Friday"],"opens":"15:30","closes":"23:45"}],"email":"a1store2022a@gmail.com","faxNumber":"A1Store Kuwait"},{"@type":"PostalAddress","@id":"https:\/\/a1store-kw.com\/product\/uag-pathfinder-galaxy-s26-ultra-case-2\/#local-main-place-address","streetAddress":"kuwait, 1121","addressLocality":"Kuwait","postalCode":"99142","addressRegion":"kuwait","addressCountry":"KW"},{"@type":"ImageObject","inLanguage":"ar","@id":"https:\/\/a1store-kw.com\/product\/uag-pathfinder-galaxy-s26-ultra-case-2\/#local-main-organization-logo","url":"https:\/\/i0.wp.com\/a1store-kw.com\/wp-content\/uploads\/2024\/02\/a1store-now-logo.webp?fit=800%2C224&ssl=1","contentUrl":"https:\/\/i0.wp.com\/a1store-kw.com\/wp-content\/uploads\/2024\/02\/a1store-now-logo.webp?fit=800%2C224&ssl=1","width":800,"height":224,"caption":"A1Store"}]},"product_brand":"UAG","product_price_amount":"15.000","product_price_currency":"KWD","og_availability":"instock","product_availability":"instock","product_retailer_item_id":"840283927423","product_condition":"new","geo.placename":"Kuwait","geo.region":"\u0627\u0644\u0643\u0648\u064a\u062a"},"jetpack_sharing_enabled":true,"_links":{"self":[{"href":"https:\/\/a1store-kw.com\/ar\/wp-json\/wp\/v2\/product\/66349","targetHints":{"allow":["GET"]}}],"collection":[{"href":"https:\/\/a1store-kw.com\/ar\/wp-json\/wp\/v2\/product"}],"about":[{"href":"https:\/\/a1store-kw.com\/ar\/wp-json\/wp\/v2\/types\/product"}],"replies":[{"embeddable":true,"href":"https:\/\/a1store-kw.com\/ar\/wp-json\/wp\/v2\/comments?post=66349"}],"version-history":[{"count":1,"href":"https:\/\/a1store-kw.com\/ar\/wp-json\/wp\/v2\/product\/66349\/revisions"}],"predecessor-version":[{"id":66350,"href":"https:\/\/a1store-kw.com\/ar\/wp-json\/wp\/v2\/product\/66349\/revisions\/66350"}],"wp:featuredmedia":[{"embeddable":true,"href":"https:\/\/a1store-kw.com\/ar\/wp-json\/wp\/v2\/media\/66351"}],"wp:attachment":[{"href":"https:\/\/a1store-kw.com\/ar\/wp-json\/wp\/v2\/media?parent=66349"}],"wp:term":[{"taxonomy":"product_brand","embeddable":true,"href":"https:\/\/a1store-kw.com\/ar\/wp-json\/wp\/v2\/product_brand?post=66349"},{"taxonomy":"product_cat","embeddable":true,"href":"https:\/\/a1store-kw.com\/ar\/wp-json\/wp\/v2\/product_cat?post=66349"},{"taxonomy":"product_tag","embeddable":true,"href":"https:\/\/a1store-kw.com\/ar\/wp-json\/wp\/v2\/product_tag?post=66349"}],"curies":[{"name":"wp","href":"https:\/\/api.w.org\/{rel}","templated":true}]}}